{"id":26912,"date":"2020-10-09T18:11:55","date_gmt":"2020-10-09T16:11:55","guid":{"rendered":"https:\/\/paolalenti.spaziodemo.org\/?page_id=26912"},"modified":"2022-10-12T12:31:39","modified_gmt":"2022-10-12T10:31:39","slug":"chi-siamo","status":"publish","type":"page","link":"https:\/\/paolalenti.spaziodemo.org\/it\/chi-siamo\/","title":{"rendered":"Un&#8217;azienda di persone"},"content":{"rendered":"<div class=\"wp-block-image\"><figure class=\"aligncenter size-large\"><img loading=\"lazy\" width=\"1024\" height=\"570\" src=\"https:\/\/paolalenti.spaziodemo.org\/wp-content\/uploads\/2022\/04\/PaolaLenti_volti-1024x570.jpg\" alt=\"\" class=\"wp-image-100411\" srcset=\"https:\/\/paolalenti.spaziodemo.org\/wp-content\/uploads\/2022\/04\/PaolaLenti_volti-1024x570.jpg 1024w, https:\/\/paolalenti.spaziodemo.org\/wp-content\/uploads\/2022\/04\/PaolaLenti_volti-300x167.jpg 300w, https:\/\/paolalenti.spaziodemo.org\/wp-content\/uploads\/2022\/04\/PaolaLenti_volti-768x427.jpg 768w, https:\/\/paolalenti.spaziodemo.org\/wp-content\/uploads\/2022\/04\/PaolaLenti_volti-1536x855.jpg 1536w, https:\/\/paolalenti.spaziodemo.org\/wp-content\/uploads\/2022\/04\/PaolaLenti_volti-800x445.jpg 800w, https:\/\/paolalenti.spaziodemo.org\/wp-content\/uploads\/2022\/04\/PaolaLenti_volti.jpg 1980w\" sizes=\"(max-width: 1024px) 100vw, 1024px\" \/><figcaption>Ph. \u00a9 Maurizio Natta<\/figcaption><\/figure><\/div>\n\n\n\n<p><sub>Siamo partiti da un filo: quello dei tappeti, i primi prodotti lanciati sul mercato con il marchio Paola Lenti. Abbiamo cominciato da artigiani appassionati, con un\u2019attenzione rigorosa alla qualit\u00e0 dei materiali: sempre alla ricerca di un punto di contatto, di una sintonia speciale tra colori, linee, forme.<\/sub><br><sub>Era il 1994. Eravamo piccoli, ma sognavamo in grande. <\/sub><br><sub>Anno dopo anno, abbiamo avviato sperimentazioni su filati e tessuti da cui sono scaturite le prime collezioni per esterni, che ci hanno fatto conoscere in Italia e nel mondo.<\/sub><\/p>\n\n\n\n<figure class=\"wp-block-image size-large\"><img loading=\"lazy\" width=\"1024\" height=\"683\" src=\"https:\/\/paolalenti.spaziodemo.org\/wp-content\/uploads\/2021\/01\/L1000007-1024x683.jpg\" alt=\"\" class=\"wp-image-89865\" srcset=\"https:\/\/paolalenti.spaziodemo.org\/wp-content\/uploads\/2021\/01\/L1000007-1024x683.jpg 1024w, https:\/\/paolalenti.spaziodemo.org\/wp-content\/uploads\/2021\/01\/L1000007-300x200.jpg 300w, https:\/\/paolalenti.spaziodemo.org\/wp-content\/uploads\/2021\/01\/L1000007-768x512.jpg 768w, https:\/\/paolalenti.spaziodemo.org\/wp-content\/uploads\/2021\/01\/L1000007-1536x1024.jpg 1536w, https:\/\/paolalenti.spaziodemo.org\/wp-content\/uploads\/2021\/01\/L1000007.jpg 1920w\" sizes=\"(max-width: 1024px) 100vw, 1024px\" \/><figcaption>Ph. \u00a9 Maurizio Natta<\/figcaption><\/figure>\n\n\n\n<p><sub>L\u2019outdoor ha consolidato la nostra identit\u00e0 come azienda. Abbiamo scoperto di avere un talento per il colore: \u00e8 diventato il nostro marchio di fabbrica.<\/sub><br><sub>Abbiamo avviato nuove collaborazioni con artigiani selezionati per preservare il segno inconfondibile della lavorazione manuale e, parallelamente, intensificato il lavoro di sperimentazione e ricerca, in partnership con istituti scientifici, universit\u00e0 ed altre aziende.<\/sub><\/p>\n\n\n\n<figure class=\"wp-block-image size-large\"><img loading=\"lazy\" width=\"1024\" height=\"683\" src=\"https:\/\/paolalenti.spaziodemo.org\/wp-content\/uploads\/2021\/01\/L1002410-1024x683.jpg\" alt=\"\" class=\"wp-image-89867\" srcset=\"https:\/\/paolalenti.spaziodemo.org\/wp-content\/uploads\/2021\/01\/L1002410-1024x683.jpg 1024w, https:\/\/paolalenti.spaziodemo.org\/wp-content\/uploads\/2021\/01\/L1002410-300x200.jpg 300w, https:\/\/paolalenti.spaziodemo.org\/wp-content\/uploads\/2021\/01\/L1002410-768x512.jpg 768w, https:\/\/paolalenti.spaziodemo.org\/wp-content\/uploads\/2021\/01\/L1002410-1536x1024.jpg 1536w, https:\/\/paolalenti.spaziodemo.org\/wp-content\/uploads\/2021\/01\/L1002410.jpg 1920w\" sizes=\"(max-width: 1024px) 100vw, 1024px\" \/><figcaption>Ph. \u00a9 Maurizio Natta<\/figcaption><\/figure>\n\n\n\n<p><sub>Tradizione, innovazione. Oggi possiamo contare su filati tecnici all\u2019avanguardia e al tempo stesso recuperare fibre \u201cantiche\u201d come il lino e la canapa, valorizzando culture <em>altre<\/em> e metodi di coltivazione che rischiano la scomparsa.<\/sub><br><sub>Tra le nostre priorit\u00e0, sin dalla nascita, c\u2019\u00e8 il rispetto per il pianeta. Realizziamo mobili sostenibili perch\u00e9 durevoli e riciclabili, utilizzando procedure a basso impatto ambientale. Eravamo piccoli, siamo cresciuti. Oggi Paola Lenti \u00e8 una realt\u00e0 industriale che conta molteplici professionalit\u00e0 \u2013 sarti, tappezzieri, intrecciatori, architetti, ingegneri \u2013 e consolidate collaborazioni con maestranze locali, valorizzando una filiera produttiva interamente italiana. <\/sub><\/p>\n\n\n\n<figure class=\"wp-block-image size-large\"><img loading=\"lazy\" width=\"1024\" height=\"683\" src=\"https:\/\/paolalenti.spaziodemo.org\/wp-content\/uploads\/2021\/01\/L1020683-1024x683.jpg\" alt=\"\" class=\"wp-image-89868\" srcset=\"https:\/\/paolalenti.spaziodemo.org\/wp-content\/uploads\/2021\/01\/L1020683-1024x683.jpg 1024w, https:\/\/paolalenti.spaziodemo.org\/wp-content\/uploads\/2021\/01\/L1020683-300x200.jpg 300w, https:\/\/paolalenti.spaziodemo.org\/wp-content\/uploads\/2021\/01\/L1020683-768x512.jpg 768w, https:\/\/paolalenti.spaziodemo.org\/wp-content\/uploads\/2021\/01\/L1020683-1536x1024.jpg 1536w\" sizes=\"(max-width: 1024px) 100vw, 1024px\" \/><figcaption>Ph. \u00a9 Maurizio Natta<\/figcaption><\/figure>\n\n\n\n<p><sub>Dall\u2019ambito residenziale fino al mondo della nautica e dell\u2019hospitality, l\u2019azienda negli anni ha sviluppato competenze specifiche tali da garantire soluzioni su misura per tutti i contesti. Il marchio Paola Lenti \u00e8 presente in oltre 60 Paesi, in circa 300 fra i pi\u00f9 importanti showroom internazionali.<\/sub><\/p>\n\n\n\n<figure class=\"wp-block-image size-large\"><img loading=\"lazy\" width=\"1024\" height=\"683\" src=\"https:\/\/paolalenti.spaziodemo.org\/wp-content\/uploads\/2021\/01\/L1000470-1024x683.jpg\" alt=\"\" class=\"wp-image-89890\" srcset=\"https:\/\/paolalenti.spaziodemo.org\/wp-content\/uploads\/2021\/01\/L1000470-1024x683.jpg 1024w, https:\/\/paolalenti.spaziodemo.org\/wp-content\/uploads\/2021\/01\/L1000470-300x200.jpg 300w, https:\/\/paolalenti.spaziodemo.org\/wp-content\/uploads\/2021\/01\/L1000470-768x512.jpg 768w, https:\/\/paolalenti.spaziodemo.org\/wp-content\/uploads\/2021\/01\/L1000470-1536x1024.jpg 1536w, https:\/\/paolalenti.spaziodemo.org\/wp-content\/uploads\/2021\/01\/L1000470.jpg 1920w\" sizes=\"(max-width: 1024px) 100vw, 1024px\" \/><figcaption>Ph. \u00a9 Maurizio Natta<\/figcaption><\/figure>\n\n\n\n<p><sub>Alle collezioni outdoor si sono sommate quelle per interni, trasformando la casa Paola Lenti in un universo domestico completo. Tappeti, divani, poltrone e chaise longue sono abbinabili a tavoli, librerie, quinte architettoniche e a molti altri complementi d\u2019arredo; ai filati esclusivi dei mobili si sono aggiunti materiali come legno, ceramica, vetro e metalli, che dialogano attraverso colori e finiture, dando vita ad ambienti armoniosi ed equilibrati.<\/sub><br><br><sub>Dopo quasi trent\u2019anni siamo ancora legati a quel filo: orgogliosi della nostra storia.<\/sub><br><sub>Paola e Anna Lenti<\/sub><\/p>","protected":false},"excerpt":{"rendered":"<p>Siamo partiti da un filo: quello dei tappeti, i primi prodotti lanciati sul mercato con il marchio Paola Lenti. Abbiamo cominciato da artigiani appassionati, con un\u2019attenzione rigorosa alla qualit\u00e0 dei materiali: sempre alla ricerca di un punto di contatto, di una sintonia speciale tra colori, linee, forme.Era il 1994. Eravamo piccoli, ma sognavamo in grande. Anno dopo anno, abbiamo avviato sperimentazioni su filati e tessuti da cui sono scaturite le prime collezioni per esterni, che ci hanno fatto conoscere in Italia e nel mondo. L\u2019outdoor ha consolidato la nostra identit\u00e0 come azienda. Abbiamo scoperto di avere un talento per il colore: \u00e8 diventato il nostro marchio di fabbrica.Abbiamo avviato nuove collaborazioni con artigiani selezionati per preservare il segno inconfondibile della lavorazione manuale e, parallelamente, intensificato [&hellip;]<\/p>\n","protected":false},"author":4,"featured_media":0,"parent":0,"menu_order":27,"comment_status":"closed","ping_status":"closed","template":"","meta":[],"yoast_head":"<!-- This site is optimized with the Yoast SEO plugin v18.8 - https:\/\/yoast.com\/wordpress\/plugins\/seo\/ -->\n<title>Chi siamo - Paola Lenti<\/title>\n<meta name=\"description\" content=\"Paola Lenti \u00e8 una realt\u00e0 fatta da molteplici professionalit\u00e0 \u2013 sarti, tappezzieri, intrecciatori, architetti, ingegneri \u2013 e consolidate collaborazioni.\" \/>\n<meta name=\"robots\" content=\"noindex, follow, max-snippet:-1, max-image-preview:large, max-video-preview:-1\" \/>\n<meta property=\"og:locale\" content=\"it_IT\" \/>\n<meta property=\"og:type\" content=\"article\" \/>\n<meta property=\"og:title\" content=\"Chi siamo - Paola Lenti\" \/>\n<meta property=\"og:description\" content=\"Paola Lenti \u00e8 una realt\u00e0 fatta da molteplici professionalit\u00e0 \u2013 sarti, tappezzieri, intrecciatori, architetti, ingegneri \u2013 e consolidate collaborazioni.\" \/>\n<meta property=\"og:url\" content=\"https:\/\/paolalenti.spaziodemo.org\/en\/chi-siamo\/\" \/>\n<meta property=\"og:site_name\" content=\"Paola Lenti\" \/>\n<meta property=\"article:modified_time\" content=\"2022-10-12T10:31:39+00:00\" \/>\n<meta property=\"og:image\" content=\"https:\/\/paolalenti.spaziodemo.org\/wp-content\/uploads\/2022\/04\/PaolaLenti_volti-1024x570.jpg\" \/>\n<meta name=\"twitter:card\" content=\"summary_large_image\" \/>\n<meta name=\"twitter:label1\" content=\"Tempo di lettura stimato\" \/>\n\t<meta name=\"twitter:data1\" content=\"3 minuti\" \/>\n<script type=\"application\/ld+json\" class=\"yoast-schema-graph\">{\"@context\":\"https:\/\/schema.org\",\"@graph\":[{\"@type\":\"Organization\",\"@id\":\"https:\/\/paolalenti.spaziodemo.org\/it\/#organization\",\"name\":\"Paola Lenti\",\"url\":\"https:\/\/paolalenti.spaziodemo.org\/it\/\",\"sameAs\":[\"https:\/\/www.instagram.com\/paola_lenti_official\/\",\"https:\/\/www.linkedin.com\/company\/paola-lenti-srl\/\",\"https:\/\/www.pinterest.com\/paola_lenti\/\"],\"logo\":{\"@type\":\"ImageObject\",\"inLanguage\":\"it-IT\",\"@id\":\"https:\/\/paolalenti.spaziodemo.org\/it\/#\/schema\/logo\/image\/\",\"url\":\"https:\/\/paolalenti.spaziodemo.org\/wp-content\/uploads\/2020\/11\/logoPL.png\",\"contentUrl\":\"https:\/\/paolalenti.spaziodemo.org\/wp-content\/uploads\/2020\/11\/logoPL.png\",\"width\":783,\"height\":389,\"caption\":\"Paola Lenti\"},\"image\":{\"@id\":\"https:\/\/paolalenti.spaziodemo.org\/it\/#\/schema\/logo\/image\/\"}},{\"@type\":\"WebSite\",\"@id\":\"https:\/\/paolalenti.spaziodemo.org\/it\/#website\",\"url\":\"https:\/\/paolalenti.spaziodemo.org\/it\/\",\"name\":\"Paola Lenti\",\"description\":\"\",\"publisher\":{\"@id\":\"https:\/\/paolalenti.spaziodemo.org\/it\/#organization\"},\"potentialAction\":[{\"@type\":\"SearchAction\",\"target\":{\"@type\":\"EntryPoint\",\"urlTemplate\":\"https:\/\/paolalenti.spaziodemo.org\/it\/?s={search_term_string}\"},\"query-input\":\"required name=search_term_string\"}],\"inLanguage\":\"it-IT\"},{\"@type\":\"ImageObject\",\"inLanguage\":\"it-IT\",\"@id\":\"https:\/\/paolalenti.spaziodemo.org\/en\/chi-siamo\/#primaryimage\",\"url\":\"https:\/\/paolalenti.spaziodemo.org\/wp-content\/uploads\/2022\/04\/PaolaLenti_volti.jpg\",\"contentUrl\":\"https:\/\/paolalenti.spaziodemo.org\/wp-content\/uploads\/2022\/04\/PaolaLenti_volti.jpg\",\"width\":1980,\"height\":1102},{\"@type\":\"WebPage\",\"@id\":\"https:\/\/paolalenti.spaziodemo.org\/en\/chi-siamo\/#webpage\",\"url\":\"https:\/\/paolalenti.spaziodemo.org\/en\/chi-siamo\/\",\"name\":\"[:it]Chi siamo - Paola Lenti[:en]About us - Paola Lenti[:]\",\"isPartOf\":{\"@id\":\"https:\/\/paolalenti.spaziodemo.org\/it\/#website\"},\"primaryImageOfPage\":{\"@id\":\"https:\/\/paolalenti.spaziodemo.org\/en\/chi-siamo\/#primaryimage\"},\"datePublished\":\"2020-10-09T16:11:55+00:00\",\"dateModified\":\"2022-10-12T10:31:39+00:00\",\"description\":\"[:it]Paola Lenti \u00e8 una realt\u00e0 fatta da molteplici professionalit\u00e0 \u2013 sarti, tappezzieri, intrecciatori, architetti, ingegneri \u2013 e consolidate collaborazioni.[:en]Paola Lenti is a reality made up of multiple professionals \u2013 tailors, upholsterers, weavers, architects and engineers \u2013 and consolidated collaborations.[:]\",\"breadcrumb\":{\"@id\":\"https:\/\/paolalenti.spaziodemo.org\/en\/chi-siamo\/#breadcrumb\"},\"inLanguage\":\"it-IT\",\"potentialAction\":[{\"@type\":\"ReadAction\",\"target\":[\"https:\/\/paolalenti.spaziodemo.org\/en\/chi-siamo\/\"]}]},{\"@type\":\"BreadcrumbList\",\"@id\":\"https:\/\/paolalenti.spaziodemo.org\/en\/chi-siamo\/#breadcrumb\",\"itemListElement\":[{\"@type\":\"ListItem\",\"position\":1,\"name\":\"Home\",\"item\":\"https:\/\/paolalenti.spaziodemo.org\/it\/\"},{\"@type\":\"ListItem\",\"position\":2,\"name\":\"A People Company\"}]}]}<\/script>\n<!-- \/ Yoast SEO plugin. -->","yoast_head_json":{"title":"Chi siamo - Paola Lenti","description":"Paola Lenti \u00e8 una realt\u00e0 fatta da molteplici professionalit\u00e0 \u2013 sarti, tappezzieri, intrecciatori, architetti, ingegneri \u2013 e consolidate collaborazioni.","robots":{"index":"noindex","follow":"follow","max-snippet":"max-snippet:-1","max-image-preview":"max-image-preview:large","max-video-preview":"max-video-preview:-1"},"og_locale":"it_IT","og_type":"article","og_title":"Chi siamo - Paola Lenti","og_description":"Paola Lenti \u00e8 una realt\u00e0 fatta da molteplici professionalit\u00e0 \u2013 sarti, tappezzieri, intrecciatori, architetti, ingegneri \u2013 e consolidate collaborazioni.","og_url":"https:\/\/paolalenti.spaziodemo.org\/en\/chi-siamo\/","og_site_name":"Paola Lenti","article_modified_time":"2022-10-12T10:31:39+00:00","og_image":[{"url":"https:\/\/paolalenti.spaziodemo.org\/wp-content\/uploads\/2022\/04\/PaolaLenti_volti-1024x570.jpg"}],"twitter_card":"summary_large_image","twitter_misc":{"Tempo di lettura stimato":"3 minuti"},"schema":{"@context":"https:\/\/schema.org","@graph":[{"@type":"Organization","@id":"https:\/\/paolalenti.spaziodemo.org\/it\/#organization","name":"Paola Lenti","url":"https:\/\/paolalenti.spaziodemo.org\/it\/","sameAs":["https:\/\/www.instagram.com\/paola_lenti_official\/","https:\/\/www.linkedin.com\/company\/paola-lenti-srl\/","https:\/\/www.pinterest.com\/paola_lenti\/"],"logo":{"@type":"ImageObject","inLanguage":"it-IT","@id":"https:\/\/paolalenti.spaziodemo.org\/it\/#\/schema\/logo\/image\/","url":"https:\/\/paolalenti.spaziodemo.org\/wp-content\/uploads\/2020\/11\/logoPL.png","contentUrl":"https:\/\/paolalenti.spaziodemo.org\/wp-content\/uploads\/2020\/11\/logoPL.png","width":783,"height":389,"caption":"Paola Lenti"},"image":{"@id":"https:\/\/paolalenti.spaziodemo.org\/it\/#\/schema\/logo\/image\/"}},{"@type":"WebSite","@id":"https:\/\/paolalenti.spaziodemo.org\/it\/#website","url":"https:\/\/paolalenti.spaziodemo.org\/it\/","name":"Paola Lenti","description":"","publisher":{"@id":"https:\/\/paolalenti.spaziodemo.org\/it\/#organization"},"potentialAction":[{"@type":"SearchAction","target":{"@type":"EntryPoint","urlTemplate":"https:\/\/paolalenti.spaziodemo.org\/it\/?s={search_term_string}"},"query-input":"required name=search_term_string"}],"inLanguage":"it-IT"},{"@type":"ImageObject","inLanguage":"it-IT","@id":"https:\/\/paolalenti.spaziodemo.org\/en\/chi-siamo\/#primaryimage","url":"https:\/\/paolalenti.spaziodemo.org\/wp-content\/uploads\/2022\/04\/PaolaLenti_volti.jpg","contentUrl":"https:\/\/paolalenti.spaziodemo.org\/wp-content\/uploads\/2022\/04\/PaolaLenti_volti.jpg","width":1980,"height":1102},{"@type":"WebPage","@id":"https:\/\/paolalenti.spaziodemo.org\/en\/chi-siamo\/#webpage","url":"https:\/\/paolalenti.spaziodemo.org\/en\/chi-siamo\/","name":"[:it]Chi siamo - Paola Lenti[:en]About us - Paola Lenti[:]","isPartOf":{"@id":"https:\/\/paolalenti.spaziodemo.org\/it\/#website"},"primaryImageOfPage":{"@id":"https:\/\/paolalenti.spaziodemo.org\/en\/chi-siamo\/#primaryimage"},"datePublished":"2020-10-09T16:11:55+00:00","dateModified":"2022-10-12T10:31:39+00:00","description":"[:it]Paola Lenti \u00e8 una realt\u00e0 fatta da molteplici professionalit\u00e0 \u2013 sarti, tappezzieri, intrecciatori, architetti, ingegneri \u2013 e consolidate collaborazioni.[:en]Paola Lenti is a reality made up of multiple professionals \u2013 tailors, upholsterers, weavers, architects and engineers \u2013 and consolidated collaborations.[:]","breadcrumb":{"@id":"https:\/\/paolalenti.spaziodemo.org\/en\/chi-siamo\/#breadcrumb"},"inLanguage":"it-IT","potentialAction":[{"@type":"ReadAction","target":["https:\/\/paolalenti.spaziodemo.org\/en\/chi-siamo\/"]}]},{"@type":"BreadcrumbList","@id":"https:\/\/paolalenti.spaziodemo.org\/en\/chi-siamo\/#breadcrumb","itemListElement":[{"@type":"ListItem","position":1,"name":"Home","item":"https:\/\/paolalenti.spaziodemo.org\/it\/"},{"@type":"ListItem","position":2,"name":"A People Company"}]}]}},"meta_box":{"_pl_videos":[],"_pl_certifications":[],"_pl_products_new":[],"_pl_awards":[],"_pl_contacts":[],"_pl_inspirations":[],"_pl_catalogues":[],"_pl_sections":[]},"_links":{"self":[{"href":"https:\/\/paolalenti.spaziodemo.org\/it\/wp-json\/wp\/v2\/pages\/26912"}],"collection":[{"href":"https:\/\/paolalenti.spaziodemo.org\/it\/wp-json\/wp\/v2\/pages"}],"about":[{"href":"https:\/\/paolalenti.spaziodemo.org\/it\/wp-json\/wp\/v2\/types\/page"}],"author":[{"embeddable":true,"href":"https:\/\/paolalenti.spaziodemo.org\/it\/wp-json\/wp\/v2\/users\/4"}],"replies":[{"embeddable":true,"href":"https:\/\/paolalenti.spaziodemo.org\/it\/wp-json\/wp\/v2\/comments?post=26912"}],"version-history":[{"count":50,"href":"https:\/\/paolalenti.spaziodemo.org\/it\/wp-json\/wp\/v2\/pages\/26912\/revisions"}],"predecessor-version":[{"id":102822,"href":"https:\/\/paolalenti.spaziodemo.org\/it\/wp-json\/wp\/v2\/pages\/26912\/revisions\/102822"}],"wp:attachment":[{"href":"https:\/\/paolalenti.spaziodemo.org\/it\/wp-json\/wp\/v2\/media?parent=26912"}],"curies":[{"name":"wp","href":"https:\/\/api.w.org\/{rel}","templated":true}]}}