{"id":3,"date":"2020-09-22T15:57:14","date_gmt":"2020-09-22T13:57:14","guid":{"rendered":"https:\/\/paolalenti.spaziodemo.org\/?page_id=3"},"modified":"2023-10-25T09:43:46","modified_gmt":"2023-10-25T07:43:46","slug":"privacy-policy","status":"publish","type":"page","link":"https:\/\/paolalenti.spaziodemo.org\/it\/privacy-policy\/","title":{"rendered":"Privacy Policy"},"content":{"rendered":"<p><strong>Informativa in merito al trattamento dei dati personali ai sensi dell&#8217;art.13 del &#8220;Regolamento (UE) 2016\/679 del Parlamento Europeo e del Consiglio del 27 aprile 2016 relativo alla protezione delle persone fisiche con riguardo al trattamento dei dati personali,&nbsp;nonch\u00e9 alla libera circolazione di tali dati e che abroga la&nbsp;direttavi a 95\/46\/CE&#8221; (&#8220;GDPR&#8221;)<\/strong><br><br><em>Gentile Utente,<\/em><br>nell\u2019ambito dell\u2019erogazione del servizio di newsletter finalizzato ad inviarle&nbsp;&nbsp;informazioni relative alle nostre attivit\u00e0 quali ad esempio promozioni commerciali, il titolare dei dati ha necessit\u00e0 di&nbsp;<strong>trattare i&nbsp;&nbsp;suoi dati<\/strong>&nbsp;personali di contatto, quali ad esempio nominativo, indirizzo email, numero di telefono, etc. Tali dati ci sono da lei facoltativamente conferiti quando decide di iscriverti alla nostra newsletter o ci invia richieste di informazioni mediante il nostro sito internet.<br>A questo proposito desideriamo informarla che Paola Lenti Srl (<strong>Titolare del Trattamento<\/strong>) tratta i suoi dati personali esclusivamente per le&nbsp;<strong>finalit\u00e0 di erogazione del servizio di newsletter&nbsp;<\/strong>e di&nbsp;<strong>richieste di contatto&nbsp;<\/strong>come sopra richiamato.<br>I suoi dati personali&nbsp;&nbsp;potranno essere trattati in modalit\u00e0&nbsp;<strong>cartacea o informatica<\/strong>&nbsp;e saranno&nbsp;<strong>protetti&nbsp;<\/strong>dai rischi di perdita di integrit\u00e0, disponibilit\u00e0 e riservatezza mediante l\u2019adozione di specifiche misure tecnico organizzative.<br>I suoi dati personali&nbsp;<strong>non sono oggetto di diffusione&nbsp;<\/strong>e possono essere da noi comunicati a soggetti esterni&nbsp;&nbsp;quali ad es. fornitori di servizi amministrativi, di comunicazione, IT, etc. (\u201cResponsabili del Trattamento\u201d) che li tratteranno solo per le finalit\u00e0 sopra individuate nel rispetto di adeguate misure tecnico organizzative applicabili alla protezione di tali dati.<br>I suoi dati personali saranno da noi conservati per&nbsp;<strong>tutta la durata di erogazione del servizio<\/strong>&nbsp;in oggetto.<br>In qualsiasi momento pu\u00f2&nbsp;<strong>revocare il consenso<\/strong>&nbsp;al trattamento dei suoi dati mediante il semplice invio di un\u2019email.<br>La informiamo che il GDPR (Capo II Diritti dell\u2019Interessato)&nbsp;<strong>le conferisce alcuni diritti&nbsp;<\/strong>tra cui il diritto di: 1) chiedere in&nbsp;&nbsp;ogni momento informazioni in merito al trattamento dei suoi dati personali; 2)&nbsp;&nbsp;richiederne l\u2019aggiornamento, l\u2019integrazione e\/o la rettifica, se inesatti o incompleti, o la cancellazione dei suoi dati personali ; 3) limitare o opporsi al trattamento dei suoi dati. La informiamo&nbsp;&nbsp;inoltre che ha il diritto di rivolgersi all\u2019Autorit\u00e0&nbsp;&nbsp;Garante Privacy, anche attraverso la presentazione di un reclamo per la tutela dei suoi dati personali e dei suoi diritti.<br>Per qualsiasi questione attinente al trattamento dei suoi dati personali&nbsp;&nbsp;pu\u00f2 rivolgerti a Paola Lenti Srl, quale Titolare del Trattamento, scrivendo all\u2019indirizzo email: privacy@paolalenti.it<br><br>PAOLA LENTI SRL desidera informarla sulle finalit\u00e0 e delle modalit\u00e0 di trattamento dei dati personali delle persone fisiche ai sensi del GDPR eventualmente trattati da PAOLA LENTI SRL nonch\u00e9 dei correlati diritti in merito a tali trattamenti.<br><br><strong>Finalit\u00e0 del trattamento e natura dei principali dati trattati.<\/strong><br>PAOLA LENTI SRL tratta i dati personali delle persone fisiche&nbsp;&nbsp;esclusivamente per le seguenti finalit\u00e0:<br>1.&nbsp;&nbsp;&nbsp;&nbsp;&nbsp;Finalit\u00e0 contrattuali, inerenti l\u2019instaurazione e la gestione&nbsp;&nbsp;del rapporto contrattuale;<br>2.&nbsp;&nbsp;&nbsp;&nbsp;&nbsp;Finalit\u00e0 amministrative, inerenti la gestione dei rapporti amministrativi correlati al rapporto contrattuale in essere.<br><br><strong>Principali modalit\u00e0 di trattamento dei dati<\/strong><br>PAOLA LENTI SRL minimizza la raccolta ed il trattamento dei dati personali allo stretto indispensabile rispetto alle finalit\u00e0 perseguite.<br>I dati possono essere trattati sia in modalit\u00e0 cartacea sia in modalit\u00e0 informatica.<br>PAOLA LENTI SRL, previa valutazione dei rischi e dove applicabile dell\u2019impatto sulla protezione dei dati personali correlati alla perdita di obiettivi di riservatezza, disponibilit\u00e0 e integrit\u00e0 delle informazioni trattate, pianifica e adotta le necessarie misure tecnico organizzative per&nbsp;&nbsp;minimizzare tali rischi. Questo anche al fine di garantire la resilienza dei trattamenti effettuati nell\u2019ambito della pi\u00f9 generale esigenza di assicurare la continuit\u00e0 dei servizi erogati.<br><br><strong>Base giuridica del trattamento<\/strong><br>La comunicazione dei dati personali per le finalit\u00e0 contrattuali&nbsp;&nbsp;\u00e8 necessaria per poter instaurare e gestire il rapporto contrattuale.<br>Il diniego del consenso al trattamento implica l\u2019impossibilit\u00e0 di instaurare e mantenere il rapporto contrattuale.<br><br><strong>Comunicazione o diffusione dei dati trattati<\/strong><br>PAOLA LENTI SRL non diffonde&nbsp;&nbsp;o comunica a terzi i&nbsp;&nbsp;suoi dati personali per finalit\u00e0 esterne a quelle sopra evidenziate.<br><br><strong>Trattamento da parte di soggetti terzi<\/strong><br>PAOLA LENTI SRL pu\u00f2 avvalersi per il trattamento dei suoi dati nell\u2019ambito delle finalit\u00e0 sopra elencate&nbsp;&nbsp;dell\u2019ausilio di soggetti terzi&nbsp;&nbsp;quali:<br>1.&nbsp;&nbsp;&nbsp;&nbsp;&nbsp;Fornitori di servizi amministrativi,&nbsp;&nbsp;quali ad esempio commercialisti;<br>2.&nbsp;&nbsp;&nbsp;&nbsp;&nbsp;Fornitori di servizi di assistenza tecnica sui sistemi IT.<br>In questo caso PAOLA LENTI SRL dispone affinch\u00e9 tali soggetti possano trattare i suoi dati personali esclusivamente per lo svolgimento delle attivit\u00e0 di competenza strettamente correlate alle finalit\u00e0 precedentemente definite e nel rispetto di adeguate misure tecnico organizzative di protezione dei dati.<br><br><strong>Informativa ed esercizio dei diritti dell\u2019Interessato al trattamento<\/strong><br>PAOLA LENTI SRL,&nbsp;&nbsp;titolare del trattamento, desidera informarla dei diritti che il GDRP le conferisce, in qualit\u00e0 di soggetto interessato al trattamento. Tali diritti sono&nbsp;&nbsp;riportati nell\u2019Art. 13 del GDPR e riguardano:<br>1.&nbsp;&nbsp;&nbsp;&nbsp;&nbsp;il&nbsp;&nbsp;diritto dell&#8217;interessato di chiedere al titolare del trattamento l&#8217;accesso ai dati personali;<br>2.&nbsp;&nbsp;&nbsp;&nbsp;&nbsp;il diritto dell&#8217;interessato di chiedere al titolare la rettifica o la cancellazione degli stessi o la limitazione del trattamento;<br>3.&nbsp;&nbsp;&nbsp;&nbsp;&nbsp;il&nbsp;&nbsp;diritto dell&#8217;interessato di opporsi al loro trattamento;<br>4.&nbsp;&nbsp;&nbsp;&nbsp;&nbsp;il&nbsp;&nbsp;diritto dell&#8217;interessato alla portabilit\u00e0 dei dati;<br>5.&nbsp;&nbsp;&nbsp;&nbsp;&nbsp;il diritto dell\u2019interessato di proporre reclamo a un&#8217;autorit\u00e0 di controllo.<br><br><strong>Periodo di conservazione dei dati personali e criteri di riferimento<\/strong><br>PAOLA LENTI SRL conserva i dati personali trattati con riferimento ai seguenti criteri:<br>1.&nbsp;&nbsp;&nbsp;&nbsp;&nbsp;rispetto dei requisiti applicabili alla durata del rapporto contrattuale in essere;&nbsp;&nbsp;<br>2.&nbsp;&nbsp;&nbsp;&nbsp;&nbsp;rispetto di requisiti amministrativi e fiscali come da normativa applicabile.<br><br><strong>Titolare&nbsp;&nbsp;del Trattamento<\/strong><br>Titolare del Trattamento dei suoi dati personali&nbsp;&nbsp;\u00e8 PAOLA LENTI SRL con sede legale in Viale Bianca Maria, 28, Milano (MI) e sede operativa in via Po, 100\/a, Meda (MB). Per ogni richiesta di informazioni&nbsp;&nbsp;in merito ai trattamenti svolti sui suoi dati personali nonch\u00e9 per l\u2019esercizio dei suoi diritti&nbsp;&nbsp;di cui all\u2019art.13&nbsp;&nbsp;del GDPR&nbsp;&nbsp;pu\u00f2 far riferimento al seguente indirizzo di posta elettronica:&nbsp;<a href=\"mailto:privacy@paolalenti.it\">privacy@paolalenti.it<\/a> <br><br>PAOLA LENTI SRL<\/p>","protected":false},"excerpt":{"rendered":"<p>Informativa in merito al trattamento dei dati personali ai sensi dell&#8217;art.13 del &#8220;Regolamento (UE) 2016\/679 del Parlamento Europeo e del Consiglio del 27 aprile 2016 relativo alla protezione delle persone fisiche con riguardo al trattamento dei dati personali,&nbsp;nonch\u00e9 alla libera circolazione di tali dati e che abroga la&nbsp;direttavi a 95\/46\/CE&#8221; (&#8220;GDPR&#8221;) Gentile Utente,nell\u2019ambito dell\u2019erogazione del servizio di newsletter finalizzato ad inviarle&nbsp;&nbsp;informazioni relative alle nostre attivit\u00e0 quali ad esempio promozioni commerciali, il titolare dei dati ha necessit\u00e0 di&nbsp;trattare i&nbsp;&nbsp;suoi dati&nbsp;personali di contatto, quali ad esempio nominativo, indirizzo email, numero di telefono, etc. Tali dati ci sono da lei facoltativamente conferiti quando decide di iscriverti alla nostra newsletter o ci invia richieste di informazioni mediante il nostro sito internet.A questo proposito desideriamo informarla che Paola Lenti Srl [&hellip;]<\/p>\n","protected":false},"author":4,"featured_media":0,"parent":0,"menu_order":36,"comment_status":"closed","ping_status":"open","template":"page-grid-nospace.php","meta":[],"yoast_head":"<!-- This site is optimized with the Yoast SEO plugin v18.8 - https:\/\/yoast.com\/wordpress\/plugins\/seo\/ -->\n<title>Privacy Policy - Paola Lenti<\/title>\n<meta name=\"description\" content=\"Privacy Policy -\" \/>\n<meta name=\"robots\" content=\"noindex, follow, max-snippet:-1, max-image-preview:large, max-video-preview:-1\" \/>\n<meta property=\"og:locale\" content=\"it_IT\" \/>\n<meta property=\"og:type\" content=\"article\" \/>\n<meta property=\"og:title\" content=\"Privacy Policy - Paola Lenti\" \/>\n<meta property=\"og:description\" content=\"Privacy Policy -\" \/>\n<meta property=\"og:url\" content=\"https:\/\/paolalenti.spaziodemo.org\/it\/privacy-policy\/\" \/>\n<meta property=\"og:site_name\" content=\"Paola Lenti\" \/>\n<meta property=\"article:modified_time\" content=\"2023-10-25T07:43:46+00:00\" \/>\n<meta property=\"og:image\" content=\"https:\/\/paolalenti.spaziodemo.org\/wp-content\/uploads\/2021\/01\/L1000007.jpg\" \/>\n\t<meta property=\"og:image:width\" content=\"1920\" \/>\n\t<meta property=\"og:image:height\" content=\"1280\" \/>\n\t<meta property=\"og:image:type\" content=\"image\/jpeg\" \/>\n<meta name=\"twitter:card\" content=\"summary_large_image\" \/>\n<meta name=\"twitter:label1\" content=\"Tempo di lettura stimato\" \/>\n\t<meta name=\"twitter:data1\" content=\"5 minuti\" \/>\n<script type=\"application\/ld+json\" class=\"yoast-schema-graph\">{\"@context\":\"https:\/\/schema.org\",\"@graph\":[{\"@type\":\"Organization\",\"@id\":\"https:\/\/paolalenti.spaziodemo.org\/it\/#organization\",\"name\":\"Paola Lenti\",\"url\":\"https:\/\/paolalenti.spaziodemo.org\/it\/\",\"sameAs\":[\"https:\/\/www.instagram.com\/paola_lenti_official\/\",\"https:\/\/www.linkedin.com\/company\/paola-lenti-srl\/\",\"https:\/\/www.pinterest.com\/paola_lenti\/\"],\"logo\":{\"@type\":\"ImageObject\",\"inLanguage\":\"it-IT\",\"@id\":\"https:\/\/paolalenti.spaziodemo.org\/it\/#\/schema\/logo\/image\/\",\"url\":\"https:\/\/paolalenti.spaziodemo.org\/wp-content\/uploads\/2020\/11\/logoPL.png\",\"contentUrl\":\"https:\/\/paolalenti.spaziodemo.org\/wp-content\/uploads\/2020\/11\/logoPL.png\",\"width\":783,\"height\":389,\"caption\":\"Paola Lenti\"},\"image\":{\"@id\":\"https:\/\/paolalenti.spaziodemo.org\/it\/#\/schema\/logo\/image\/\"}},{\"@type\":\"WebSite\",\"@id\":\"https:\/\/paolalenti.spaziodemo.org\/it\/#website\",\"url\":\"https:\/\/paolalenti.spaziodemo.org\/it\/\",\"name\":\"Paola Lenti\",\"description\":\"\",\"publisher\":{\"@id\":\"https:\/\/paolalenti.spaziodemo.org\/it\/#organization\"},\"potentialAction\":[{\"@type\":\"SearchAction\",\"target\":{\"@type\":\"EntryPoint\",\"urlTemplate\":\"https:\/\/paolalenti.spaziodemo.org\/it\/?s={search_term_string}\"},\"query-input\":\"required name=search_term_string\"}],\"inLanguage\":\"it-IT\"},{\"@type\":\"WebPage\",\"@id\":\"https:\/\/paolalenti.spaziodemo.org\/it\/privacy-policy\/#webpage\",\"url\":\"https:\/\/paolalenti.spaziodemo.org\/it\/privacy-policy\/\",\"name\":\"Privacy Policy - Paola Lenti\",\"isPartOf\":{\"@id\":\"https:\/\/paolalenti.spaziodemo.org\/it\/#website\"},\"datePublished\":\"2020-09-22T13:57:14+00:00\",\"dateModified\":\"2023-10-25T07:43:46+00:00\",\"description\":\"Privacy Policy -\",\"breadcrumb\":{\"@id\":\"https:\/\/paolalenti.spaziodemo.org\/it\/privacy-policy\/#breadcrumb\"},\"inLanguage\":\"it-IT\",\"potentialAction\":[{\"@type\":\"ReadAction\",\"target\":[\"https:\/\/paolalenti.spaziodemo.org\/it\/privacy-policy\/\"]}]},{\"@type\":\"BreadcrumbList\",\"@id\":\"https:\/\/paolalenti.spaziodemo.org\/it\/privacy-policy\/#breadcrumb\",\"itemListElement\":[{\"@type\":\"ListItem\",\"position\":1,\"name\":\"Home\",\"item\":\"https:\/\/paolalenti.spaziodemo.org\/it\/\"},{\"@type\":\"ListItem\",\"position\":2,\"name\":\"Privacy Policy\"}]}]}<\/script>\n<!-- \/ Yoast SEO plugin. -->","yoast_head_json":{"title":"Privacy Policy - Paola Lenti","description":"Privacy Policy -","robots":{"index":"noindex","follow":"follow","max-snippet":"max-snippet:-1","max-image-preview":"max-image-preview:large","max-video-preview":"max-video-preview:-1"},"og_locale":"it_IT","og_type":"article","og_title":"Privacy Policy - Paola Lenti","og_description":"Privacy Policy -","og_url":"https:\/\/paolalenti.spaziodemo.org\/it\/privacy-policy\/","og_site_name":"Paola Lenti","article_modified_time":"2023-10-25T07:43:46+00:00","og_image":[{"width":1920,"height":1280,"url":"https:\/\/paolalenti.spaziodemo.org\/wp-content\/uploads\/2021\/01\/L1000007.jpg","type":"image\/jpeg"}],"twitter_card":"summary_large_image","twitter_misc":{"Tempo di lettura stimato":"5 minuti"},"schema":{"@context":"https:\/\/schema.org","@graph":[{"@type":"Organization","@id":"https:\/\/paolalenti.spaziodemo.org\/it\/#organization","name":"Paola Lenti","url":"https:\/\/paolalenti.spaziodemo.org\/it\/","sameAs":["https:\/\/www.instagram.com\/paola_lenti_official\/","https:\/\/www.linkedin.com\/company\/paola-lenti-srl\/","https:\/\/www.pinterest.com\/paola_lenti\/"],"logo":{"@type":"ImageObject","inLanguage":"it-IT","@id":"https:\/\/paolalenti.spaziodemo.org\/it\/#\/schema\/logo\/image\/","url":"https:\/\/paolalenti.spaziodemo.org\/wp-content\/uploads\/2020\/11\/logoPL.png","contentUrl":"https:\/\/paolalenti.spaziodemo.org\/wp-content\/uploads\/2020\/11\/logoPL.png","width":783,"height":389,"caption":"Paola Lenti"},"image":{"@id":"https:\/\/paolalenti.spaziodemo.org\/it\/#\/schema\/logo\/image\/"}},{"@type":"WebSite","@id":"https:\/\/paolalenti.spaziodemo.org\/it\/#website","url":"https:\/\/paolalenti.spaziodemo.org\/it\/","name":"Paola Lenti","description":"","publisher":{"@id":"https:\/\/paolalenti.spaziodemo.org\/it\/#organization"},"potentialAction":[{"@type":"SearchAction","target":{"@type":"EntryPoint","urlTemplate":"https:\/\/paolalenti.spaziodemo.org\/it\/?s={search_term_string}"},"query-input":"required name=search_term_string"}],"inLanguage":"it-IT"},{"@type":"WebPage","@id":"https:\/\/paolalenti.spaziodemo.org\/it\/privacy-policy\/#webpage","url":"https:\/\/paolalenti.spaziodemo.org\/it\/privacy-policy\/","name":"Privacy Policy - Paola Lenti","isPartOf":{"@id":"https:\/\/paolalenti.spaziodemo.org\/it\/#website"},"datePublished":"2020-09-22T13:57:14+00:00","dateModified":"2023-10-25T07:43:46+00:00","description":"Privacy Policy -","breadcrumb":{"@id":"https:\/\/paolalenti.spaziodemo.org\/it\/privacy-policy\/#breadcrumb"},"inLanguage":"it-IT","potentialAction":[{"@type":"ReadAction","target":["https:\/\/paolalenti.spaziodemo.org\/it\/privacy-policy\/"]}]},{"@type":"BreadcrumbList","@id":"https:\/\/paolalenti.spaziodemo.org\/it\/privacy-policy\/#breadcrumb","itemListElement":[{"@type":"ListItem","position":1,"name":"Home","item":"https:\/\/paolalenti.spaziodemo.org\/it\/"},{"@type":"ListItem","position":2,"name":"Privacy Policy"}]}]}},"meta_box":{"_pl_videos":[],"_pl_certifications":[],"_pl_products_new":[],"_pl_awards":[],"_pl_contacts":[],"_pl_inspirations":[],"_pl_catalogues":[],"_pl_sections":[]},"_links":{"self":[{"href":"https:\/\/paolalenti.spaziodemo.org\/it\/wp-json\/wp\/v2\/pages\/3"}],"collection":[{"href":"https:\/\/paolalenti.spaziodemo.org\/it\/wp-json\/wp\/v2\/pages"}],"about":[{"href":"https:\/\/paolalenti.spaziodemo.org\/it\/wp-json\/wp\/v2\/types\/page"}],"author":[{"embeddable":true,"href":"https:\/\/paolalenti.spaziodemo.org\/it\/wp-json\/wp\/v2\/users\/4"}],"replies":[{"embeddable":true,"href":"https:\/\/paolalenti.spaziodemo.org\/it\/wp-json\/wp\/v2\/comments?post=3"}],"version-history":[{"count":33,"href":"https:\/\/paolalenti.spaziodemo.org\/it\/wp-json\/wp\/v2\/pages\/3\/revisions"}],"predecessor-version":[{"id":109122,"href":"https:\/\/paolalenti.spaziodemo.org\/it\/wp-json\/wp\/v2\/pages\/3\/revisions\/109122"}],"wp:attachment":[{"href":"https:\/\/paolalenti.spaziodemo.org\/it\/wp-json\/wp\/v2\/media?parent=3"}],"curies":[{"name":"wp","href":"https:\/\/api.w.org\/{rel}","templated":true}]}}