{"id":78397,"date":"2020-11-18T17:41:17","date_gmt":"2020-11-18T16:41:17","guid":{"rendered":"https:\/\/paolalenti.spaziodemo.org\/?page_id=78397"},"modified":"2023-10-25T09:43:44","modified_gmt":"2023-10-25T07:43:44","slug":"cookie-policy","status":"publish","type":"page","link":"https:\/\/paolalenti.spaziodemo.org\/it\/cookie-policy\/","title":{"rendered":"Cookie Policy"},"content":{"rendered":"<p><strong>INFORMATIVA PER LA NAVIGAZIONE SUL SITO INTERNET<\/strong><\/p>\n\n\n\n<p><strong>Ai sensi dell\u2019art. 13 del Regolamento (UE) 2016\/679 del Parlamento Europeo e del Consiglio del 27 aprile 2016 relativo alla protezione delle persone fisiche con riguardo al trattamento dei dati personali, nonch\u00e9 alla libera circolazione di tali dati e che abroga la direttiva 95\/46\/CE (regolamento generale sulla protezione dei dati o GDPR)<\/strong><\/p>\n\n\n\n<p>Gentile utilizzatore del sito internet&nbsp;<a href=\"http:\/\/www.paolalenti.it\/\" target=\"_blank\" rel=\"noreferrer noopener\">www.paolalenti.it<\/a><\/p>\n\n\n\n<p>Ti informiamo che quando&nbsp;<strong>navighi<\/strong>, per qualsiasi motivo, sul nostro sito internet, accetti implicitamente il trattamento di alcuni tuoi dati personali usualmente definiti come \u201c<strong>Dati di navigazione<\/strong>\u201d.&nbsp; Infatti i sistemi informatici possono acquisire nel corso del loro normale esercizio, alcuni dati personali la cui trasmissione \u00e8 implicita nell&#8217;uso dei protocolli di comunicazione di Internet. Il riferimento \u00e8 agli indirizzi IP o ai nomi a dominio dei computer utilizzati dagli utenti che si connettono al sito, gli indirizzi in notazione URI (Uniform Resource Identifier) delle risorse richieste, l&#8217;orario della richiesta, il metodo utilizzato nel sottoporre la richiesta al server, la dimensione del file ottenuto in risposta, il codice numerico indicante lo stato della risposta data dal server (buon fine, errore, ecc.) ed altri parametri relativi al sistema operativo e all&#8217;ambiente informatico dell&#8217;utente.<\/p>\n\n\n\n<p>Per quanto concerne i \u201c<strong>Cookies<\/strong>\u201d, quelli utilizzati rientrano nella categoria dei cosiddetti \u201c<strong>Cookies tecnici<\/strong>\u201d il cui uso \u00e8 strettamente finalizzato ad assicurare il funzionamento e la fruibilit\u00e0 del sito internet.<\/p>\n\n\n\n<p>Paola Lenti Srl (Titolare del Trattamento) &nbsp;tratta i dati di navigazione ed i cookies&nbsp;<strong>al solo fine di ricavare informazioni statistiche anonime<\/strong>&nbsp;sull&#8217;uso del sito e\/o per controllare il corretto funzionamento e vengono cancellati immediatamente dopo l&#8217;elaborazione. I dati potrebbero essere utilizzati per l&#8217;accertamento di responsabilit\u00e0 in caso di ipotetici reati informatici ai danni del sito: salva questa eventualit\u00e0, i dati sui contatti web non persistono per pi\u00f9 di sette giorni.<\/p>\n\n\n\n<p>I dati tecnici di navigazione ed i cookies non sono oggetto di diffusione e sono comunicati solo a fornitori di servizi IT per le finalit\u00e0 strettamente connesse alla disponibilit\u00e0, alla manutenzione tecnica ed allo sviluppo del sito internet.<\/p>\n\n\n\n<p>Il fornitore del&nbsp;<strong>servizio di Hosting<\/strong>&nbsp;del sito internet&nbsp;<strong>ha sede entro i confini dell\u2019Unione Europea&nbsp;<\/strong>cos\u00ec come i&nbsp;<strong>fornitori di servizi&nbsp; tecnici<\/strong>&nbsp;di manutenzione e sviluppo.<\/p>\n\n\n\n<p>Se decidi di fornirci&nbsp; volontariamente i tuoi dati personali mediante il nostro sito internet, ti invitiamo a leggere la specifica informativa per il trattamento di tali dati, informativa che troverai disponibile sul nostro sito internet.<\/p>\n\n\n\n<p>Per ogni necessit\u00e0 di informazione e supporto in merito alle tematiche trattate puoi far diretto riferimento al Titolare del Trattamento al seguente indirizzo di posta elettronica privacy@paolalenti.it<\/p>\n\n\n\n<p><em>Il Titolare del Trattamento dei dati personali<\/em><\/p>","protected":false},"excerpt":{"rendered":"<p>INFORMATIVA PER LA NAVIGAZIONE SUL SITO INTERNET Ai sensi dell\u2019art. 13 del Regolamento (UE) 2016\/679 del Parlamento Europeo e del Consiglio del 27 aprile 2016 relativo alla protezione delle persone fisiche con riguardo al trattamento dei dati personali, nonch\u00e9 alla libera circolazione di tali dati e che abroga la direttiva 95\/46\/CE (regolamento generale sulla protezione dei dati o GDPR) Gentile utilizzatore del sito internet&nbsp;www.paolalenti.it Ti informiamo che quando&nbsp;navighi, per qualsiasi motivo, sul nostro sito internet, accetti implicitamente il trattamento di alcuni tuoi dati personali usualmente definiti come \u201cDati di navigazione\u201d.&nbsp; Infatti i sistemi informatici possono acquisire nel corso del loro normale esercizio, alcuni dati personali la cui trasmissione \u00e8 implicita nell&#8217;uso dei protocolli di comunicazione di Internet. Il riferimento \u00e8 agli indirizzi IP o ai [&hellip;]<\/p>\n","protected":false},"author":4,"featured_media":0,"parent":0,"menu_order":30,"comment_status":"closed","ping_status":"closed","template":"page-grid-nospace.php","meta":[],"yoast_head":"<!-- This site is optimized with the Yoast SEO plugin v18.8 - https:\/\/yoast.com\/wordpress\/plugins\/seo\/ -->\n<title>Cookie Policy - Paola Lenti<\/title>\n<meta name=\"description\" content=\"Cookie Policy -\" \/>\n<meta name=\"robots\" content=\"noindex, follow, max-snippet:-1, max-image-preview:large, max-video-preview:-1\" \/>\n<meta property=\"og:locale\" content=\"it_IT\" \/>\n<meta property=\"og:type\" content=\"article\" \/>\n<meta property=\"og:title\" content=\"Cookie Policy - Paola Lenti\" \/>\n<meta property=\"og:description\" content=\"Cookie Policy -\" \/>\n<meta property=\"og:url\" content=\"https:\/\/paolalenti.spaziodemo.org\/it\/cookie-policy\/\" \/>\n<meta property=\"og:site_name\" content=\"Paola Lenti\" \/>\n<meta property=\"article:modified_time\" content=\"2023-10-25T07:43:44+00:00\" \/>\n<meta property=\"og:image\" content=\"https:\/\/paolalenti.spaziodemo.org\/wp-content\/uploads\/2021\/01\/L1000007.jpg\" \/>\n\t<meta property=\"og:image:width\" content=\"1920\" \/>\n\t<meta property=\"og:image:height\" content=\"1280\" \/>\n\t<meta property=\"og:image:type\" content=\"image\/jpeg\" \/>\n<meta name=\"twitter:card\" content=\"summary_large_image\" \/>\n<meta name=\"twitter:label1\" content=\"Tempo di lettura stimato\" \/>\n\t<meta name=\"twitter:data1\" content=\"3 minuti\" \/>\n<script type=\"application\/ld+json\" class=\"yoast-schema-graph\">{\"@context\":\"https:\/\/schema.org\",\"@graph\":[{\"@type\":\"Organization\",\"@id\":\"https:\/\/paolalenti.spaziodemo.org\/it\/#organization\",\"name\":\"Paola Lenti\",\"url\":\"https:\/\/paolalenti.spaziodemo.org\/it\/\",\"sameAs\":[\"https:\/\/www.instagram.com\/paola_lenti_official\/\",\"https:\/\/www.linkedin.com\/company\/paola-lenti-srl\/\",\"https:\/\/www.pinterest.com\/paola_lenti\/\"],\"logo\":{\"@type\":\"ImageObject\",\"inLanguage\":\"it-IT\",\"@id\":\"https:\/\/paolalenti.spaziodemo.org\/it\/#\/schema\/logo\/image\/\",\"url\":\"https:\/\/paolalenti.spaziodemo.org\/wp-content\/uploads\/2020\/11\/logoPL.png\",\"contentUrl\":\"https:\/\/paolalenti.spaziodemo.org\/wp-content\/uploads\/2020\/11\/logoPL.png\",\"width\":783,\"height\":389,\"caption\":\"Paola Lenti\"},\"image\":{\"@id\":\"https:\/\/paolalenti.spaziodemo.org\/it\/#\/schema\/logo\/image\/\"}},{\"@type\":\"WebSite\",\"@id\":\"https:\/\/paolalenti.spaziodemo.org\/it\/#website\",\"url\":\"https:\/\/paolalenti.spaziodemo.org\/it\/\",\"name\":\"Paola Lenti\",\"description\":\"\",\"publisher\":{\"@id\":\"https:\/\/paolalenti.spaziodemo.org\/it\/#organization\"},\"potentialAction\":[{\"@type\":\"SearchAction\",\"target\":{\"@type\":\"EntryPoint\",\"urlTemplate\":\"https:\/\/paolalenti.spaziodemo.org\/it\/?s={search_term_string}\"},\"query-input\":\"required name=search_term_string\"}],\"inLanguage\":\"it-IT\"},{\"@type\":\"WebPage\",\"@id\":\"https:\/\/paolalenti.spaziodemo.org\/it\/cookie-policy\/#webpage\",\"url\":\"https:\/\/paolalenti.spaziodemo.org\/it\/cookie-policy\/\",\"name\":\"[:it]Cookie Policy[:] - Paola Lenti\",\"isPartOf\":{\"@id\":\"https:\/\/paolalenti.spaziodemo.org\/it\/#website\"},\"datePublished\":\"2020-11-18T16:41:17+00:00\",\"dateModified\":\"2023-10-25T07:43:44+00:00\",\"description\":\"[:it]Cookie Policy[:] -\",\"breadcrumb\":{\"@id\":\"https:\/\/paolalenti.spaziodemo.org\/it\/cookie-policy\/#breadcrumb\"},\"inLanguage\":\"it-IT\",\"potentialAction\":[{\"@type\":\"ReadAction\",\"target\":[\"https:\/\/paolalenti.spaziodemo.org\/it\/cookie-policy\/\"]}]},{\"@type\":\"BreadcrumbList\",\"@id\":\"https:\/\/paolalenti.spaziodemo.org\/it\/cookie-policy\/#breadcrumb\",\"itemListElement\":[{\"@type\":\"ListItem\",\"position\":1,\"name\":\"Home\",\"item\":\"https:\/\/paolalenti.spaziodemo.org\/it\/\"},{\"@type\":\"ListItem\",\"position\":2,\"name\":\"Cookie Policy\"}]}]}<\/script>\n<!-- \/ Yoast SEO plugin. -->","yoast_head_json":{"title":"Cookie Policy - Paola Lenti","description":"Cookie Policy -","robots":{"index":"noindex","follow":"follow","max-snippet":"max-snippet:-1","max-image-preview":"max-image-preview:large","max-video-preview":"max-video-preview:-1"},"og_locale":"it_IT","og_type":"article","og_title":"Cookie Policy - Paola Lenti","og_description":"Cookie Policy -","og_url":"https:\/\/paolalenti.spaziodemo.org\/it\/cookie-policy\/","og_site_name":"Paola Lenti","article_modified_time":"2023-10-25T07:43:44+00:00","og_image":[{"width":1920,"height":1280,"url":"https:\/\/paolalenti.spaziodemo.org\/wp-content\/uploads\/2021\/01\/L1000007.jpg","type":"image\/jpeg"}],"twitter_card":"summary_large_image","twitter_misc":{"Tempo di lettura stimato":"3 minuti"},"schema":{"@context":"https:\/\/schema.org","@graph":[{"@type":"Organization","@id":"https:\/\/paolalenti.spaziodemo.org\/it\/#organization","name":"Paola Lenti","url":"https:\/\/paolalenti.spaziodemo.org\/it\/","sameAs":["https:\/\/www.instagram.com\/paola_lenti_official\/","https:\/\/www.linkedin.com\/company\/paola-lenti-srl\/","https:\/\/www.pinterest.com\/paola_lenti\/"],"logo":{"@type":"ImageObject","inLanguage":"it-IT","@id":"https:\/\/paolalenti.spaziodemo.org\/it\/#\/schema\/logo\/image\/","url":"https:\/\/paolalenti.spaziodemo.org\/wp-content\/uploads\/2020\/11\/logoPL.png","contentUrl":"https:\/\/paolalenti.spaziodemo.org\/wp-content\/uploads\/2020\/11\/logoPL.png","width":783,"height":389,"caption":"Paola Lenti"},"image":{"@id":"https:\/\/paolalenti.spaziodemo.org\/it\/#\/schema\/logo\/image\/"}},{"@type":"WebSite","@id":"https:\/\/paolalenti.spaziodemo.org\/it\/#website","url":"https:\/\/paolalenti.spaziodemo.org\/it\/","name":"Paola Lenti","description":"","publisher":{"@id":"https:\/\/paolalenti.spaziodemo.org\/it\/#organization"},"potentialAction":[{"@type":"SearchAction","target":{"@type":"EntryPoint","urlTemplate":"https:\/\/paolalenti.spaziodemo.org\/it\/?s={search_term_string}"},"query-input":"required name=search_term_string"}],"inLanguage":"it-IT"},{"@type":"WebPage","@id":"https:\/\/paolalenti.spaziodemo.org\/it\/cookie-policy\/#webpage","url":"https:\/\/paolalenti.spaziodemo.org\/it\/cookie-policy\/","name":"[:it]Cookie Policy[:] - Paola Lenti","isPartOf":{"@id":"https:\/\/paolalenti.spaziodemo.org\/it\/#website"},"datePublished":"2020-11-18T16:41:17+00:00","dateModified":"2023-10-25T07:43:44+00:00","description":"[:it]Cookie Policy[:] -","breadcrumb":{"@id":"https:\/\/paolalenti.spaziodemo.org\/it\/cookie-policy\/#breadcrumb"},"inLanguage":"it-IT","potentialAction":[{"@type":"ReadAction","target":["https:\/\/paolalenti.spaziodemo.org\/it\/cookie-policy\/"]}]},{"@type":"BreadcrumbList","@id":"https:\/\/paolalenti.spaziodemo.org\/it\/cookie-policy\/#breadcrumb","itemListElement":[{"@type":"ListItem","position":1,"name":"Home","item":"https:\/\/paolalenti.spaziodemo.org\/it\/"},{"@type":"ListItem","position":2,"name":"Cookie Policy"}]}]}},"meta_box":{"_pl_videos":[],"_pl_certifications":[],"_pl_products_new":[],"_pl_awards":[],"_pl_contacts":[],"_pl_inspirations":[],"_pl_catalogues":[],"_pl_sections":[]},"_links":{"self":[{"href":"https:\/\/paolalenti.spaziodemo.org\/it\/wp-json\/wp\/v2\/pages\/78397"}],"collection":[{"href":"https:\/\/paolalenti.spaziodemo.org\/it\/wp-json\/wp\/v2\/pages"}],"about":[{"href":"https:\/\/paolalenti.spaziodemo.org\/it\/wp-json\/wp\/v2\/types\/page"}],"author":[{"embeddable":true,"href":"https:\/\/paolalenti.spaziodemo.org\/it\/wp-json\/wp\/v2\/users\/4"}],"replies":[{"embeddable":true,"href":"https:\/\/paolalenti.spaziodemo.org\/it\/wp-json\/wp\/v2\/comments?post=78397"}],"version-history":[{"count":1,"href":"https:\/\/paolalenti.spaziodemo.org\/it\/wp-json\/wp\/v2\/pages\/78397\/revisions"}],"predecessor-version":[{"id":78398,"href":"https:\/\/paolalenti.spaziodemo.org\/it\/wp-json\/wp\/v2\/pages\/78397\/revisions\/78398"}],"wp:attachment":[{"href":"https:\/\/paolalenti.spaziodemo.org\/it\/wp-json\/wp\/v2\/media?parent=78397"}],"curies":[{"name":"wp","href":"https:\/\/api.w.org\/{rel}","templated":true}]}}